{"id":20,"date":"2021-04-09T15:26:31","date_gmt":"2021-04-09T18:26:31","guid":{"rendered":"http:\/\/207.180.213.223\/~vbasystemscom\/?page_id=20"},"modified":"2021-07-27T18:58:14","modified_gmt":"2021-07-27T21:58:14","slug":"nossos-clientes","status":"publish","type":"page","link":"https:\/\/vbasystems.com.br\/en\/nossos-clientes\/","title":{"rendered":"Customers"},"content":{"rendered":"\t\t<div data-elementor-type=\"wp-page\" data-elementor-id=\"20\" class=\"elementor elementor-20\" data-elementor-post-type=\"page\">\n\t\t\t\t\t\t<section class=\"elementor-section elementor-top-section elementor-element elementor-element-8dde265 elementor-section-height-min-height elementor-section-boxed elementor-section-height-default elementor-section-items-middle\" data-id=\"8dde265\" data-element_type=\"section\" data-e-type=\"section\" data-settings=\"{&quot;background_background&quot;:&quot;classic&quot;}\">\n\t\t\t\t\t\t<div class=\"elementor-container elementor-column-gap-default\">\n\t\t\t\t\t<div class=\"elementor-column elementor-col-100 elementor-top-column elementor-element elementor-element-f2c088d\" data-id=\"f2c088d\" data-element_type=\"column\" data-e-type=\"column\">\n\t\t\t<div class=\"elementor-widget-wrap elementor-element-populated\">\n\t\t\t\t\t\t<div class=\"elementor-element elementor-element-d2d7f75 elementor-widget elementor-widget-heading\" data-id=\"d2d7f75\" data-element_type=\"widget\" data-e-type=\"widget\" data-widget_type=\"heading.default\">\n\t\t\t\t<div class=\"elementor-widget-container\">\n\t\t\t\t\t<h1 class=\"elementor-heading-title elementor-size-default\">Clientes<\/h1>\t\t\t\t<\/div>\n\t\t\t\t<\/div>\n\t\t\t\t\t<\/div>\n\t\t<\/div>\n\t\t\t\t\t<\/div>\n\t\t<\/section>\n\t\t\t\t<section class=\"elementor-section elementor-top-section elementor-element elementor-element-8b6b9dc elementor-section-boxed elementor-section-height-default elementor-section-height-default\" data-id=\"8b6b9dc\" data-element_type=\"section\" data-e-type=\"section\">\n\t\t\t\t\t\t<div class=\"elementor-container elementor-column-gap-wide\">\n\t\t\t\t\t<div class=\"elementor-column elementor-col-100 elementor-top-column elementor-element elementor-element-102e9e4\" data-id=\"102e9e4\" data-element_type=\"column\" data-e-type=\"column\">\n\t\t\t<div class=\"elementor-widget-wrap elementor-element-populated\">\n\t\t\t\t\t\t<div class=\"elementor-element elementor-element-b1cde68 elementor-widget elementor-widget-jet-listing-grid\" data-id=\"b1cde68\" data-element_type=\"widget\" data-e-type=\"widget\" data-settings=\"{&quot;columns&quot;:&quot;5&quot;,&quot;columns_tablet&quot;:&quot;4&quot;,&quot;columns_mobile&quot;:&quot;1&quot;}\" data-widget_type=\"jet-listing-grid.default\">\n\t\t\t\t<div class=\"elementor-widget-container\">\n\t\t\t\t\t<div class=\"jet-listing-grid jet-listing\"><div class=\"jet-listing-not-found jet-listing-grid__items\" data-nav=\"{&quot;enabled&quot;:false,&quot;type&quot;:null,&quot;more_el&quot;:null,&quot;query&quot;:[],&quot;widget_settings&quot;:{&quot;lisitng_id&quot;:123,&quot;posts_num&quot;:999,&quot;columns&quot;:5,&quot;columns_tablet&quot;:4,&quot;columns_mobile&quot;:1,&quot;is_archive_template&quot;:&quot;&quot;,&quot;post_status&quot;:[&quot;publish&quot;],&quot;use_random_posts_num&quot;:&quot;&quot;,&quot;max_posts_num&quot;:9,&quot;not_found_message&quot;:&quot;No data was found&quot;,&quot;is_masonry&quot;:false,&quot;equal_columns_height&quot;:&quot;yes&quot;,&quot;use_load_more&quot;:&quot;&quot;,&quot;load_more_id&quot;:&quot;&quot;,&quot;load_more_type&quot;:&quot;click&quot;,&quot;load_more_offset&quot;:{&quot;unit&quot;:&quot;px&quot;,&quot;size&quot;:0,&quot;sizes&quot;:[]},&quot;use_custom_post_types&quot;:&quot;&quot;,&quot;custom_post_types&quot;:[],&quot;hide_widget_if&quot;:&quot;&quot;,&quot;carousel_enabled&quot;:&quot;&quot;,&quot;slides_to_scroll&quot;:&quot;1&quot;,&quot;arrows&quot;:&quot;true&quot;,&quot;arrow_icon&quot;:&quot;fa fa-angle-left&quot;,&quot;dots&quot;:&quot;true&quot;,&quot;autoplay&quot;:&quot;true&quot;,&quot;pause_on_hover&quot;:&quot;true&quot;,&quot;autoplay_speed&quot;:5000,&quot;infinite&quot;:&quot;true&quot;,&quot;center_mode&quot;:&quot;&quot;,&quot;effect&quot;:&quot;slide&quot;,&quot;speed&quot;:500,&quot;inject_alternative_items&quot;:&quot;&quot;,&quot;injection_items&quot;:[],&quot;scroll_slider_enabled&quot;:&quot;&quot;,&quot;scroll_slider_on&quot;:[&quot;desktop&quot;,&quot;tablet&quot;,&quot;mobile&quot;],&quot;custom_query&quot;:false,&quot;custom_query_id&quot;:&quot;&quot;,&quot;_element_id&quot;:&quot;&quot;}}\" data-queried-id=\"20|WP_Post\">No data was found<\/div><\/div>\t\t\t\t<\/div>\n\t\t\t\t<\/div>\n\t\t\t\t\t<\/div>\n\t\t<\/div>\n\t\t\t\t\t<\/div>\n\t\t<\/section>\n\t\t\t\t<\/div>\n\t\t","protected":false},"excerpt":{"rendered":"","protected":false},"author":1,"featured_media":0,"parent":0,"menu_order":0,"comment_status":"closed","ping_status":"closed","template":"","meta":{"footnotes":""},"class_list":["post-20","page","type-page","status-publish","hentry"],"yoast_head":"<!-- This site is optimized with the Yoast SEO plugin v25.6 - https:\/\/yoast.com\/wordpress\/plugins\/seo\/ -->\n<title>Clientes VBA Systems - Otimiza\u00e7\u00e3o de Processos e Aumento de Produtividade<\/title>\n<meta name=\"description\" content=\"Clientes VBS Systems - empresa especializada na otimiza\u00e7\u00e3o de processos manuais e aumentando a produtividade: Liberty Seguros, Odebrecht, Tevisa, Alupar, Suzano\" \/>\n<meta name=\"robots\" content=\"index, follow, max-snippet:-1, max-image-preview:large, max-video-preview:-1\" \/>\n<link rel=\"canonical\" href=\"https:\/\/vbasystems.com.br\/en\/nossos-clientes\/\" \/>\n<meta property=\"og:locale\" content=\"en_US\" \/>\n<meta property=\"og:type\" content=\"article\" \/>\n<meta property=\"og:title\" content=\"Clientes VBA Systems - Otimiza\u00e7\u00e3o de Processos e Aumento de Produtividade\" \/>\n<meta property=\"og:description\" content=\"Clientes VBS Systems - empresa especializada na otimiza\u00e7\u00e3o de processos manuais e aumentando a produtividade: Liberty Seguros, Odebrecht, Tevisa, Alupar, Suzano\" \/>\n<meta property=\"og:url\" content=\"https:\/\/vbasystems.com.br\/en\/nossos-clientes\/\" \/>\n<meta property=\"og:site_name\" content=\"Vba Systems\" \/>\n<meta property=\"article:modified_time\" content=\"2021-07-27T21:58:14+00:00\" \/>\n<meta name=\"twitter:card\" content=\"summary_large_image\" \/>\n<meta name=\"twitter:label1\" content=\"Est. reading time\" \/>\n\t<meta name=\"twitter:data1\" content=\"13 minutes\" \/>\n<script type=\"application\/ld+json\" class=\"yoast-schema-graph\">{\"@context\":\"https:\/\/schema.org\",\"@graph\":[{\"@type\":\"WebPage\",\"@id\":\"https:\/\/vbasystems.com.br\/en\/nossos-clientes\/\",\"url\":\"https:\/\/vbasystems.com.br\/en\/nossos-clientes\/\",\"name\":\"Clientes VBA Systems - Otimiza\u00e7\u00e3o de Processos e Aumento de Produtividade\",\"isPartOf\":{\"@id\":\"https:\/\/vbasystems.com.br\/#website\"},\"datePublished\":\"2021-04-09T18:26:31+00:00\",\"dateModified\":\"2021-07-27T21:58:14+00:00\",\"description\":\"Clientes VBS Systems - empresa especializada na otimiza\u00e7\u00e3o de processos manuais e aumentando a produtividade: Liberty Seguros, Odebrecht, Tevisa, Alupar, Suzano\",\"breadcrumb\":{\"@id\":\"https:\/\/vbasystems.com.br\/en\/nossos-clientes\/#breadcrumb\"},\"inLanguage\":\"en-US\",\"potentialAction\":[{\"@type\":\"ReadAction\",\"target\":[\"https:\/\/vbasystems.com.br\/en\/nossos-clientes\/\"]}]},{\"@type\":\"BreadcrumbList\",\"@id\":\"https:\/\/vbasystems.com.br\/en\/nossos-clientes\/#breadcrumb\",\"itemListElement\":[{\"@type\":\"ListItem\",\"position\":1,\"name\":\"In\u00edcio\",\"item\":\"https:\/\/vbasystems.com.br\/\"},{\"@type\":\"ListItem\",\"position\":2,\"name\":\"Clientes\"}]},{\"@type\":\"WebSite\",\"@id\":\"https:\/\/vbasystems.com.br\/#website\",\"url\":\"https:\/\/vbasystems.com.br\/\",\"name\":\"Vba Systems\",\"description\":\"Site em Desenvolvimento\",\"publisher\":{\"@id\":\"https:\/\/vbasystems.com.br\/#organization\"},\"potentialAction\":[{\"@type\":\"SearchAction\",\"target\":{\"@type\":\"EntryPoint\",\"urlTemplate\":\"https:\/\/vbasystems.com.br\/?s={search_term_string}\"},\"query-input\":{\"@type\":\"PropertyValueSpecification\",\"valueRequired\":true,\"valueName\":\"search_term_string\"}}],\"inLanguage\":\"en-US\"},{\"@type\":\"Organization\",\"@id\":\"https:\/\/vbasystems.com.br\/#organization\",\"name\":\"Vba Systems\",\"url\":\"https:\/\/vbasystems.com.br\/\",\"logo\":{\"@type\":\"ImageObject\",\"inLanguage\":\"en-US\",\"@id\":\"https:\/\/vbasystems.com.br\/#\/schema\/logo\/image\/\",\"url\":\"https:\/\/vbasystems.com.br\/wp-content\/uploads\/2021\/04\/cropped-Automatizacao-de-Processos-Manuais.png\",\"contentUrl\":\"https:\/\/vbasystems.com.br\/wp-content\/uploads\/2021\/04\/cropped-Automatizacao-de-Processos-Manuais.png\",\"width\":348,\"height\":78,\"caption\":\"Vba Systems\"},\"image\":{\"@id\":\"https:\/\/vbasystems.com.br\/#\/schema\/logo\/image\/\"}}]}<\/script>\n<!-- \/ Yoast SEO plugin. -->","yoast_head_json":{"title":"Clientes VBA Systems - Otimiza\u00e7\u00e3o de Processos e Aumento de Produtividade","description":"Clientes VBS Systems - empresa especializada na otimiza\u00e7\u00e3o de processos manuais e aumentando a produtividade: Liberty Seguros, Odebrecht, Tevisa, Alupar, Suzano","robots":{"index":"index","follow":"follow","max-snippet":"max-snippet:-1","max-image-preview":"max-image-preview:large","max-video-preview":"max-video-preview:-1"},"canonical":"https:\/\/vbasystems.com.br\/en\/nossos-clientes\/","og_locale":"en_US","og_type":"article","og_title":"Clientes VBA Systems - Otimiza\u00e7\u00e3o de Processos e Aumento de Produtividade","og_description":"Clientes VBS Systems - empresa especializada na otimiza\u00e7\u00e3o de processos manuais e aumentando a produtividade: Liberty Seguros, Odebrecht, Tevisa, Alupar, Suzano","og_url":"https:\/\/vbasystems.com.br\/en\/nossos-clientes\/","og_site_name":"Vba Systems","article_modified_time":"2021-07-27T21:58:14+00:00","twitter_card":"summary_large_image","twitter_misc":{"Est. reading time":"13 minutes"},"schema":{"@context":"https:\/\/schema.org","@graph":[{"@type":"WebPage","@id":"https:\/\/vbasystems.com.br\/en\/nossos-clientes\/","url":"https:\/\/vbasystems.com.br\/en\/nossos-clientes\/","name":"Clientes VBA Systems - Otimiza\u00e7\u00e3o de Processos e Aumento de Produtividade","isPartOf":{"@id":"https:\/\/vbasystems.com.br\/#website"},"datePublished":"2021-04-09T18:26:31+00:00","dateModified":"2021-07-27T21:58:14+00:00","description":"Clientes VBS Systems - empresa especializada na otimiza\u00e7\u00e3o de processos manuais e aumentando a produtividade: Liberty Seguros, Odebrecht, Tevisa, Alupar, Suzano","breadcrumb":{"@id":"https:\/\/vbasystems.com.br\/en\/nossos-clientes\/#breadcrumb"},"inLanguage":"en-US","potentialAction":[{"@type":"ReadAction","target":["https:\/\/vbasystems.com.br\/en\/nossos-clientes\/"]}]},{"@type":"BreadcrumbList","@id":"https:\/\/vbasystems.com.br\/en\/nossos-clientes\/#breadcrumb","itemListElement":[{"@type":"ListItem","position":1,"name":"In\u00edcio","item":"https:\/\/vbasystems.com.br\/"},{"@type":"ListItem","position":2,"name":"Clientes"}]},{"@type":"WebSite","@id":"https:\/\/vbasystems.com.br\/#website","url":"https:\/\/vbasystems.com.br\/","name":"Vba Systems","description":"Site em Desenvolvimento","publisher":{"@id":"https:\/\/vbasystems.com.br\/#organization"},"potentialAction":[{"@type":"SearchAction","target":{"@type":"EntryPoint","urlTemplate":"https:\/\/vbasystems.com.br\/?s={search_term_string}"},"query-input":{"@type":"PropertyValueSpecification","valueRequired":true,"valueName":"search_term_string"}}],"inLanguage":"en-US"},{"@type":"Organization","@id":"https:\/\/vbasystems.com.br\/#organization","name":"Vba Systems","url":"https:\/\/vbasystems.com.br\/","logo":{"@type":"ImageObject","inLanguage":"en-US","@id":"https:\/\/vbasystems.com.br\/#\/schema\/logo\/image\/","url":"https:\/\/vbasystems.com.br\/wp-content\/uploads\/2021\/04\/cropped-Automatizacao-de-Processos-Manuais.png","contentUrl":"https:\/\/vbasystems.com.br\/wp-content\/uploads\/2021\/04\/cropped-Automatizacao-de-Processos-Manuais.png","width":348,"height":78,"caption":"Vba Systems"},"image":{"@id":"https:\/\/vbasystems.com.br\/#\/schema\/logo\/image\/"}}]}},"_links":{"self":[{"href":"https:\/\/vbasystems.com.br\/en\/wp-json\/wp\/v2\/pages\/20"}],"collection":[{"href":"https:\/\/vbasystems.com.br\/en\/wp-json\/wp\/v2\/pages"}],"about":[{"href":"https:\/\/vbasystems.com.br\/en\/wp-json\/wp\/v2\/types\/page"}],"author":[{"embeddable":true,"href":"https:\/\/vbasystems.com.br\/en\/wp-json\/wp\/v2\/users\/1"}],"replies":[{"embeddable":true,"href":"https:\/\/vbasystems.com.br\/en\/wp-json\/wp\/v2\/comments?post=20"}],"version-history":[{"count":0,"href":"https:\/\/vbasystems.com.br\/en\/wp-json\/wp\/v2\/pages\/20\/revisions"}],"wp:attachment":[{"href":"https:\/\/vbasystems.com.br\/en\/wp-json\/wp\/v2\/media?parent=20"}],"curies":[{"name":"wp","href":"https:\/\/api.w.org\/{rel}","templated":true}]}}